{"id":3509,"date":"2024-11-02T20:45:44","date_gmt":"2024-11-02T20:45:44","guid":{"rendered":"https:\/\/transfers-plus.com\/es\/?page_id=3509"},"modified":"2026-04-20T13:14:29","modified_gmt":"2026-04-20T13:14:29","slug":"politica-de-privacidad","status":"publish","type":"page","link":"https:\/\/transfers-plus.com\/es\/politica-de-privacidad\/","title":{"rendered":"Pol\u00edtica de privacidad"},"content":{"rendered":"<p>Esta pol\u00edtica de privacidad ha sido compilada para servir mejor a aquellos que est\u00e1n preocupados por c\u00f3mo se est\u00e1 utilizando su \u00abInformaci\u00f3n de Identificaci\u00f3n Personal\u00bb (PII) en l\u00ednea. La PII, como se utiliza en la legislaci\u00f3n de privacidad e informaci\u00f3n de seguridad en los Estados Unidos, es informaci\u00f3n que se puede utilizar por s\u00ed sola o con otra informaci\u00f3n para identificar, contactar o ubicar a una persona, o para identificar a un individuo en su contexto. Lea nuestra pol\u00edtica de privacidad cuidadosamente para obtener una comprensi\u00f3n clara de c\u00f3mo recopilamos, usamos, protegemos o manejamos su Informaci\u00f3n de Identificaci\u00f3n Personal de acuerdo con nuestro sitio web.<\/p>\n<h2><strong>\u00bfQu\u00e9 informaci\u00f3n personal recopilamos de las personas que visitan nuestro sitio web o aplicaci\u00f3n?<\/strong><\/h2>\n<p>Al realizar un pedido o registrarse en nuestro sitio, seg\u00fan sea necesario, es posible que se le solicite ingresar su nombre, direcci\u00f3n de correo electr\u00f3nico, direcci\u00f3n de env\u00edo, n\u00famero de tel\u00e9fono u otros detalles para ayudarlo con su experiencia.<\/p>\n<h2><strong>\u00bfCu\u00e1ndo recopilamos informaci\u00f3n?<\/strong><\/h2>\n<p>Recopilamos informaci\u00f3n suya cuando realiza un pedido, se suscribe a un bolet\u00edn, completa un formulario o ingresa informaci\u00f3n en nuestro sitio.<\/p>\n<h2><strong>\u00bfC\u00f3mo utilizamos su informaci\u00f3n?<\/strong><\/h2>\n<p>Podemos utilizar la informaci\u00f3n que recopilamos de usted cuando se registra, realiza una compra, se inscribe en nuestro bolet\u00edn, responde a una encuesta o comunicaci\u00f3n de marketing, navega por el sitio web o utiliza ciertas funciones del sitio de las siguientes maneras:<\/p>\n<ul>\n<li>Para procesar sus transacciones r\u00e1pidamente.<\/li>\n<li>Para enviar correos electr\u00f3nicos peri\u00f3dicos relacionados con su pedido u otros productos y servicios.<\/li>\n<\/ul>\n<h2><strong>\u00bfC\u00f3mo protegemos la informaci\u00f3n del visitante?<\/strong><\/h2>\n<p>Nuestro sitio web es escaneado regularmente en busca de fallas de seguridad y vulnerabilidades conocidas para hacer que su visita a nuestro sitio sea lo m\u00e1s segura posible.<\/p>\n<p>Usamos escaneo regular de malware.<\/p>\n<p>Usamos un certificado SSL.<\/p>\n<h2><strong>\u00bfUtilizamos &#8216;cookies&#8217;?<\/strong><\/h2>\n<p>Utilizamos cookies con fines de seguimiento.<\/p>\n<p>Puede elegir que su computadora le advierta cada vez que se env\u00eda una cookie, o puede optar por desactivar todas las cookies. Esto lo hace a trav\u00e9s de la configuraci\u00f3n de su navegador (como Internet Explorer). Cada navegador es un poco diferente, as\u00ed que consulte el men\u00fa de Ayuda de su navegador para aprender la forma correcta de modificar sus cookies.<\/p>\n<p>Si desactiva las cookies, algunas caracter\u00edsticas que hacen que su experiencia en el sitio sea m\u00e1s eficiente pueden no funcionar correctamente.<\/p>\n<p>Sin embargo, a\u00fan puede realizar pedidos.<\/p>\n<h2><strong>Divulgaci\u00f3n a terceros<\/strong><\/h2>\n<p>No vendemos, intercambiamos ni transferimos su informaci\u00f3n de identificaci\u00f3n personal a terceros, a menos que le proporcionemos un aviso previo. Esto no incluye a los socios de alojamiento de sitios web y otras partes que nos ayudan a operar nuestro sitio web, llevar a cabo nuestro negocio o atenderlo, siempre que esas partes acuerden mantener esta informaci\u00f3n confidencial. Tambi\u00e9n podemos divulgar su informaci\u00f3n cuando creamos que la divulgaci\u00f3n es apropiada para cumplir con la ley, hacer cumplir las pol\u00edticas de nuestro sitio o proteger los derechos, la propiedad o la seguridad de otros.<\/p>\n<p>Sin embargo, la informaci\u00f3n de visitantes no identificable personalmente puede proporcionarse a otras partes para marketing, publicidad u otros usos.<\/p>\n<h2><strong>Enlaces a terceros<\/strong><\/h2>\n<p>Ocasionalmente, a nuestra discreci\u00f3n, podemos incluir u ofrecer productos o servicios de terceros en nuestro sitio web. Estos sitios de terceros tienen pol\u00edticas de privacidad independientes y separadas. Por lo tanto, no tenemos ninguna responsabilidad u obligaci\u00f3n por el contenido y las actividades de estos sitios vinculados. No obstante, buscamos proteger la integridad de nuestro sitio y agradecemos cualquier comentario sobre estos sitios.<\/p>\n<h2><strong>Google<\/strong><\/h2>\n<p>Los requisitos publicitarios de Google se pueden resumir en los Principios Publicitarios de Google. Estos se establecen para brindar una experiencia positiva a los usuarios.<\/p>\n<p>Utilizamos publicidad de Google AdSense en nuestro sitio web.<\/p>\n<p>Google, como proveedor externo, utiliza cookies para publicar anuncios en nuestro sitio. El uso de la cookie DART por parte de Google permite que se publiquen anuncios para nuestros usuarios en funci\u00f3n de sus visitas a nuestro sitio y otros sitios en Internet. Los usuarios pueden optar por no utilizar la cookie DART visitando la pol\u00edtica de privacidad de la red de anuncios y contenido de Google.<\/p>\n<h2><strong>Hemos implementado lo siguiente:<\/strong><\/h2>\n<ul>\n<li>Reportes de Demograf\u00eda e Intereses.<\/li>\n<\/ul>\n<p>Nosotros, junto con proveedores externos, como Google, utilizamos cookies de origen (como las cookies de Google Analytics) y cookies de terceros (como la cookie de DoubleClick) u otros identificadores de terceros en conjunto para recopilar datos sobre las interacciones de los usuarios con las impresiones de anuncios y otras funciones de servicio de anuncios relacionadas con nuestro sitio web.<\/p>\n<h2><strong>Optar por no participar<\/strong><\/h2>\n<p>Los usuarios pueden establecer preferencias sobre c\u00f3mo Google les muestra anuncios utilizando la p\u00e1gina de Configuraci\u00f3n de anuncios de Google. Alternativamente, pueden optar por no participar visitando la p\u00e1gina de exclusi\u00f3n de Network Advertising Initiative o usando de forma permanente el complemento de exclusi\u00f3n de Google Analytics para el navegador.<\/p>\n<h2><strong>Ley de Protecci\u00f3n de la Privacidad en L\u00ednea de California (CalOPPA)<\/strong><\/h2>\n<p>CalOPPA es la primera ley estatal en la naci\u00f3n que exige que los sitios web comerciales y servicios en l\u00ednea publiquen una pol\u00edtica de privacidad. El alcance de la ley se extiende m\u00e1s all\u00e1 de California para exigir que una persona o empresa en los Estados Unidos (y posiblemente en el mundo) que opere sitios web que recopilen informaci\u00f3n de identificaci\u00f3n personal de consumidores de California, publique una pol\u00edtica de privacidad visible en su sitio web indicando exactamente la informaci\u00f3n que se recopila y con qui\u00e9n se comparte, y cumplir con esta pol\u00edtica.<\/p>\n<h2><strong>De acuerdo con CalOPPA, estamos de acuerdo con lo siguiente:<\/strong><\/h2>\n<ul>\n<li>Los usuarios pueden visitar nuestro sitio de forma an\u00f3nima.<\/li>\n<li>Una vez que se cree esta pol\u00edtica de privacidad, agregaremos un enlace a ella en nuestra p\u00e1gina de inicio o, como m\u00ednimo, en la primera p\u00e1gina significativa despu\u00e9s de ingresar a nuestro sitio web.<\/li>\n<li>Nuestro enlace de Pol\u00edtica de Privacidad incluye la palabra \u00abPrivacidad\u00bb y se puede encontrar f\u00e1cilmente en la p\u00e1gina especificada anteriormente.<\/li>\n<\/ul>\n<h2><strong>Los usuarios ser\u00e1n notificados de cualquier cambio en la pol\u00edtica de privacidad:<\/strong><\/h2>\n<ul>\n<li>En nuestra P\u00e1gina de Pol\u00edtica de Privacidad.<\/li>\n<\/ul>\n<h2><strong>Los usuarios pueden cambiar su informaci\u00f3n personal:<\/strong><\/h2>\n<ul>\n<li>Envi\u00e1ndonos un correo electr\u00f3nico.<\/li>\n<li>Chateando con nosotros o envi\u00e1ndonos un ticket.<\/li>\n<\/ul>\n<h2><strong>\u00bfC\u00f3mo maneja nuestro sitio las se\u00f1ales de no rastrear?<\/strong><\/h2>\n<p>Honramos las se\u00f1ales de no rastrear y no rastreamos, plantamos cookies ni usamos publicidad cuando existe un mecanismo de navegador de no rastrear (DNT).<\/p>\n<h2><strong>\u00bfNuestro sitio permite el seguimiento de comportamiento de terceros?<\/strong><\/h2>\n<p>Tambi\u00e9n es importante tener en cuenta que no permitimos el seguimiento de comportamiento de terceros.<\/p>\n<h2><strong>Ley de Protecci\u00f3n de la Privacidad Infantil en L\u00ednea (COPPA)<\/strong><\/h2>\n<p>Cuando se trata de la recolecci\u00f3n de informaci\u00f3n personal de ni\u00f1os menores de 13 a\u00f1os, la Ley de Protecci\u00f3n de la Privacidad Infantil en L\u00ednea (COPPA, por sus siglas en ingl\u00e9s) pone a los padres en control. La Comisi\u00f3n Federal de Comercio, la agencia nacional de protecci\u00f3n del consumidor, hace cumplir la regla COPPA, que especifica qu\u00e9 deben hacer los operadores de sitios web y servicios en l\u00ednea para proteger la privacidad y seguridad de los ni\u00f1os en l\u00ednea.<\/p>\n<p>No comercializamos espec\u00edficamente a ni\u00f1os menores de 13 a\u00f1os.<\/p>\n<h2><strong>Pr\u00e1cticas de Informaci\u00f3n Justa<\/strong><\/h2>\n<p>Los Principios de Pr\u00e1cticas de Informaci\u00f3n Justa forman la columna vertebral de la ley de privacidad en los Estados Unidos y los conceptos que incluyen han desempe\u00f1ado un papel significativo en el desarrollo de leyes de protecci\u00f3n de datos en todo el mundo. Comprender los Principios de Pr\u00e1cticas de Informaci\u00f3n Justa y c\u00f3mo deber\u00edan implementarse es fundamental para cumplir con las diversas leyes de privacidad que protegen la informaci\u00f3n personal.<\/p>\n<p>Para estar en l\u00ednea con las Pr\u00e1cticas de Informaci\u00f3n Justa, tomaremos las siguientes medidas en caso de que ocurra una violaci\u00f3n de datos:<\/p>\n<ul>\n<li>Notificaremos a los usuarios por correo electr\u00f3nico dentro de 7 d\u00edas h\u00e1biles.<\/li>\n<li>Notificaremos a los usuarios mediante una notificaci\u00f3n en el sitio dentro de 7 d\u00edas h\u00e1biles.<\/li>\n<\/ul>\n<p>Tambi\u00e9n estamos de acuerdo con el principio de reparaci\u00f3n individual, que exige que las personas tengan derecho a ejercer derechos legalmente ejecutables contra los recolectores y procesadores de datos que no cumplan con la ley. Este principio no solo requiere que las personas tengan derechos ejecutables contra los usuarios de datos, sino tambi\u00e9n que los individuos puedan recurrir a los tribunales o a una agencia gubernamental para investigar y\/o enjuiciar el incumplimiento por parte de los procesadores de datos.<\/p>\n<h2><strong>Ley CAN-SPAM<\/strong><\/h2>\n<p>La Ley CAN-SPAM es una ley que establece las reglas para los correos electr\u00f3nicos comerciales, establece requisitos para los mensajes comerciales, otorga a los destinatarios el derecho de detener los correos electr\u00f3nicos que se env\u00edan y detalla duras sanciones por violaciones.<\/p>\n<p>Recopilamos su direcci\u00f3n de correo electr\u00f3nico para:<\/p>\n<ul>\n<li>Enviar informaci\u00f3n, responder a consultas y\/o otras solicitudes o preguntas.<\/li>\n<li>Procesar pedidos y enviar informaci\u00f3n y actualizaciones relacionadas con los pedidos.<\/li>\n<li>Tambi\u00e9n podemos enviarle informaci\u00f3n adicional relacionada con su producto y\/o servicio.<\/li>\n<li>Comercializar a nuestra lista de correo o continuar enviando correos electr\u00f3nicos a nuestros clientes despu\u00e9s de que ocurra la transacci\u00f3n original.<\/li>\n<\/ul>\n<h2><strong>Para estar de acuerdo con CAN-SPAM, aceptamos lo siguiente:<\/strong><\/h2>\n<ul>\n<li>NO usar asuntos o direcciones de correo electr\u00f3nico falsos o enga\u00f1osos.<\/li>\n<li>Identificar el mensaje como un anuncio de alguna manera razonable.<\/li>\n<li>Incluir la direcci\u00f3n f\u00edsica de nuestro negocio o sede del sitio.<\/li>\n<li>Monitorear los servicios de marketing por correo electr\u00f3nico de terceros para cumplir, si se utiliza alguno.<\/li>\n<li>Respetar las solicitudes de exclusi\u00f3n\/cancelaci\u00f3n de suscripci\u00f3n r\u00e1pidamente.<\/li>\n<li>Permitir que los usuarios se den de baja usando el enlace en la parte inferior de cada correo electr\u00f3nico.<\/li>\n<\/ul>\n<p>Si en alg\u00fan momento desea darse de baja de recibir correos electr\u00f3nicos futuros, puede seguir las instrucciones al final de cada correo electr\u00f3nico y lo eliminaremos de TODA correspondencia de inmediato.<\/p>\n<h2><strong>Cont\u00e1ctenos<\/strong><\/h2>\n<p>Si tiene alguna pregunta sobre esta pol\u00edtica de privacidad, puede contactarnos usando la informaci\u00f3n a continuaci\u00f3n.<\/p>\n<p>Transfers Plus<br \/>\nCanc\u00fan, M\u00e9xico<br \/>\nreservation@transfers-plus.com<br \/>\n+52 9985024545<\/p>\n<p>\u00daltima edici\u00f3n el 02\/11\/2025<\/p>\n","protected":false},"excerpt":{"rendered":"<p>Esta pol\u00edtica de privacidad ha sido compilada para servir mejor a aquellos que est\u00e1n preocupados por c\u00f3mo se est\u00e1 utilizando su \u00abInformaci\u00f3n de Identificaci\u00f3n Personal\u00bb (PII) en l\u00ednea. La PII, como se utiliza en la legislaci\u00f3n de privacidad e informaci\u00f3n de seguridad en los Estados Unidos, es informaci\u00f3n que se puede utilizar por s\u00ed sola<span class=\"post-excerpt-end\">&hellip;<\/span><\/p>\n<p class=\"more-link\"><a href=\"https:\/\/transfers-plus.com\/es\/politica-de-privacidad\/\" class=\"themebutton\">Leer m\u00e1s<\/a><\/p>\n","protected":false},"author":1,"featured_media":0,"parent":0,"menu_order":0,"comment_status":"closed","ping_status":"closed","template":"","meta":{"footnotes":""},"class_list":["post-3509","page","type-page","status-publish","hentry"],"yoast_head":"<!-- This site is optimized with the Yoast SEO plugin v27.4 - https:\/\/yoast.com\/product\/yoast-seo-wordpress\/ -->\n<title>Pol\u00edtica de privacidad - Transfer Plus<\/title>\n<meta name=\"robots\" content=\"noindex, nofollow\" \/>\n<meta property=\"og:locale\" content=\"es_ES\" \/>\n<meta property=\"og:type\" content=\"article\" \/>\n<meta property=\"og:title\" content=\"Pol\u00edtica de privacidad - Transfer Plus\" \/>\n<meta property=\"og:description\" content=\"Esta pol\u00edtica de privacidad ha sido compilada para servir mejor a aquellos que est\u00e1n preocupados por c\u00f3mo se est\u00e1 utilizando su \u00abInformaci\u00f3n de Identificaci\u00f3n Personal\u00bb (PII) en l\u00ednea. La PII, como se utiliza en la legislaci\u00f3n de privacidad e informaci\u00f3n de seguridad en los Estados Unidos, es informaci\u00f3n que se puede utilizar por s\u00ed sola&hellip;Leer m\u00e1s\" \/>\n<meta property=\"og:url\" content=\"https:\/\/transfers-plus.com\/es\/politica-de-privacidad\/\" \/>\n<meta property=\"og:site_name\" content=\"Transfer Plus\" \/>\n<meta property=\"article:modified_time\" content=\"2026-04-20T13:14:29+00:00\" \/>\n<meta name=\"twitter:card\" content=\"summary_large_image\" \/>\n<meta name=\"twitter:label1\" content=\"Tiempo de lectura\" \/>\n\t<meta name=\"twitter:data1\" content=\"8 minutos\" \/>\n<script type=\"application\/ld+json\" class=\"yoast-schema-graph\">{\"@context\":\"https:\\\/\\\/schema.org\",\"@graph\":[{\"@type\":\"WebPage\",\"@id\":\"https:\\\/\\\/transfers-plus.com\\\/es\\\/politica-de-privacidad\\\/\",\"url\":\"https:\\\/\\\/transfers-plus.com\\\/es\\\/politica-de-privacidad\\\/\",\"name\":\"Pol\u00edtica de privacidad - Transfer Plus\",\"isPartOf\":{\"@id\":\"https:\\\/\\\/transfers-plus.com\\\/es\\\/#website\"},\"datePublished\":\"2024-11-02T20:45:44+00:00\",\"dateModified\":\"2026-04-20T13:14:29+00:00\",\"inLanguage\":\"es\",\"potentialAction\":[{\"@type\":\"ReadAction\",\"target\":[\"https:\\\/\\\/transfers-plus.com\\\/es\\\/politica-de-privacidad\\\/\"]}]},{\"@type\":\"WebSite\",\"@id\":\"https:\\\/\\\/transfers-plus.com\\\/es\\\/#website\",\"url\":\"https:\\\/\\\/transfers-plus.com\\\/es\\\/\",\"name\":\"Transfer Plus\",\"description\":\"\",\"publisher\":{\"@id\":\"https:\\\/\\\/transfers-plus.com\\\/es\\\/#organization\"},\"potentialAction\":[{\"@type\":\"SearchAction\",\"target\":{\"@type\":\"EntryPoint\",\"urlTemplate\":\"https:\\\/\\\/transfers-plus.com\\\/es\\\/?s={search_term_string}\"},\"query-input\":{\"@type\":\"PropertyValueSpecification\",\"valueRequired\":true,\"valueName\":\"search_term_string\"}}],\"inLanguage\":\"es\"},{\"@type\":\"Organization\",\"@id\":\"https:\\\/\\\/transfers-plus.com\\\/es\\\/#organization\",\"name\":\"Transfer Plus\",\"url\":\"https:\\\/\\\/transfers-plus.com\\\/es\\\/\",\"logo\":{\"@type\":\"ImageObject\",\"inLanguage\":\"es\",\"@id\":\"https:\\\/\\\/transfers-plus.com\\\/es\\\/#\\\/schema\\\/logo\\\/image\\\/\",\"url\":\"https:\\\/\\\/i0.wp.com\\\/transfers-plus.com\\\/es\\\/wp-content\\\/uploads\\\/2021\\\/11\\\/cropped-Transfers-plus-traslados-privados-cancun-aeropuerto-1.png?fit=262%2C51&ssl=1\",\"contentUrl\":\"https:\\\/\\\/i0.wp.com\\\/transfers-plus.com\\\/es\\\/wp-content\\\/uploads\\\/2021\\\/11\\\/cropped-Transfers-plus-traslados-privados-cancun-aeropuerto-1.png?fit=262%2C51&ssl=1\",\"width\":262,\"height\":51,\"caption\":\"Transfer Plus\"},\"image\":{\"@id\":\"https:\\\/\\\/transfers-plus.com\\\/es\\\/#\\\/schema\\\/logo\\\/image\\\/\"}}]}<\/script>\n<!-- \/ Yoast SEO plugin. -->","yoast_head_json":{"title":"Pol\u00edtica de privacidad - Transfer Plus","robots":{"index":"noindex","follow":"nofollow"},"og_locale":"es_ES","og_type":"article","og_title":"Pol\u00edtica de privacidad - Transfer Plus","og_description":"Esta pol\u00edtica de privacidad ha sido compilada para servir mejor a aquellos que est\u00e1n preocupados por c\u00f3mo se est\u00e1 utilizando su \u00abInformaci\u00f3n de Identificaci\u00f3n Personal\u00bb (PII) en l\u00ednea. La PII, como se utiliza en la legislaci\u00f3n de privacidad e informaci\u00f3n de seguridad en los Estados Unidos, es informaci\u00f3n que se puede utilizar por s\u00ed sola&hellip;Leer m\u00e1s","og_url":"https:\/\/transfers-plus.com\/es\/politica-de-privacidad\/","og_site_name":"Transfer Plus","article_modified_time":"2026-04-20T13:14:29+00:00","twitter_card":"summary_large_image","twitter_misc":{"Tiempo de lectura":"8 minutos"},"schema":{"@context":"https:\/\/schema.org","@graph":[{"@type":"WebPage","@id":"https:\/\/transfers-plus.com\/es\/politica-de-privacidad\/","url":"https:\/\/transfers-plus.com\/es\/politica-de-privacidad\/","name":"Pol\u00edtica de privacidad - Transfer Plus","isPartOf":{"@id":"https:\/\/transfers-plus.com\/es\/#website"},"datePublished":"2024-11-02T20:45:44+00:00","dateModified":"2026-04-20T13:14:29+00:00","inLanguage":"es","potentialAction":[{"@type":"ReadAction","target":["https:\/\/transfers-plus.com\/es\/politica-de-privacidad\/"]}]},{"@type":"WebSite","@id":"https:\/\/transfers-plus.com\/es\/#website","url":"https:\/\/transfers-plus.com\/es\/","name":"Transfer Plus","description":"","publisher":{"@id":"https:\/\/transfers-plus.com\/es\/#organization"},"potentialAction":[{"@type":"SearchAction","target":{"@type":"EntryPoint","urlTemplate":"https:\/\/transfers-plus.com\/es\/?s={search_term_string}"},"query-input":{"@type":"PropertyValueSpecification","valueRequired":true,"valueName":"search_term_string"}}],"inLanguage":"es"},{"@type":"Organization","@id":"https:\/\/transfers-plus.com\/es\/#organization","name":"Transfer Plus","url":"https:\/\/transfers-plus.com\/es\/","logo":{"@type":"ImageObject","inLanguage":"es","@id":"https:\/\/transfers-plus.com\/es\/#\/schema\/logo\/image\/","url":"https:\/\/i0.wp.com\/transfers-plus.com\/es\/wp-content\/uploads\/2021\/11\/cropped-Transfers-plus-traslados-privados-cancun-aeropuerto-1.png?fit=262%2C51&ssl=1","contentUrl":"https:\/\/i0.wp.com\/transfers-plus.com\/es\/wp-content\/uploads\/2021\/11\/cropped-Transfers-plus-traslados-privados-cancun-aeropuerto-1.png?fit=262%2C51&ssl=1","width":262,"height":51,"caption":"Transfer Plus"},"image":{"@id":"https:\/\/transfers-plus.com\/es\/#\/schema\/logo\/image\/"}}]}},"jetpack_sharing_enabled":true,"_links":{"self":[{"href":"https:\/\/transfers-plus.com\/es\/wp-json\/wp\/v2\/pages\/3509","targetHints":{"allow":["GET"]}}],"collection":[{"href":"https:\/\/transfers-plus.com\/es\/wp-json\/wp\/v2\/pages"}],"about":[{"href":"https:\/\/transfers-plus.com\/es\/wp-json\/wp\/v2\/types\/page"}],"author":[{"embeddable":true,"href":"https:\/\/transfers-plus.com\/es\/wp-json\/wp\/v2\/users\/1"}],"replies":[{"embeddable":true,"href":"https:\/\/transfers-plus.com\/es\/wp-json\/wp\/v2\/comments?post=3509"}],"version-history":[{"count":5,"href":"https:\/\/transfers-plus.com\/es\/wp-json\/wp\/v2\/pages\/3509\/revisions"}],"predecessor-version":[{"id":4790,"href":"https:\/\/transfers-plus.com\/es\/wp-json\/wp\/v2\/pages\/3509\/revisions\/4790"}],"wp:attachment":[{"href":"https:\/\/transfers-plus.com\/es\/wp-json\/wp\/v2\/media?parent=3509"}],"curies":[{"name":"wp","href":"https:\/\/api.w.org\/{rel}","templated":true}]}}