{"id":913,"date":"2022-06-24T18:45:11","date_gmt":"2022-06-24T18:45:11","guid":{"rendered":"https:\/\/transfers-plus.com\/es\/?page_id=913"},"modified":"2026-04-20T13:09:13","modified_gmt":"2026-04-20T13:09:13","slug":"nosotros","status":"publish","type":"page","link":"https:\/\/transfers-plus.com\/es\/nosotros\/","title":{"rendered":"Nosotros"},"content":{"rendered":"<div id=\"pl-913\"  class=\"panel-layout\" ><div id=\"pg-913-0\"  class=\"panel-grid panel-no-style\" ><div id=\"pgc-913-0-0\"  class=\"panel-grid-cell\" ><div id=\"panel-913-0-0-0\" class=\"widget_text so-panel widget widget_custom_html panel-first-child panel-last-child\" data-index=\"0\" ><div class=\"textwidget custom-html-widget\"><div class=\"intro\">\n    <h1>Somos Transfers. Somos Transfers Plus.<\/h1>\n    <p>En <strong>Transfers Plus<\/strong>, ofrecemos traslados privados premium desde y hacia los aeropuertos de Canc\u00fan y Tulum, asegurando que llegues a tu destino con comodidad y puntualidad. Nos especializamos en traslados hacia hoteles, departamentos, Airbnb y residencias privadas, no solo en Canc\u00fan, sino tambi\u00e9n en toda la Riviera Maya, incluyendo Isla Mujeres, Puerto Morelos, Playa del Carmen y Tulum.<\/p>\n    <p>Nuestra cobertura se extiende incluso a destinos m\u00e1s exclusivos como Bacalar, Mahahual, Valladolid y M\u00e9rida, permiti\u00e9ndonos acompa\u00f1arte en cada etapa de tu experiencia vacacional, con un enfoque en el confort y la seguridad.<\/p>\n<\/div>\n\n<div class=\"differentiator\">\n    <h2>\u00bfPor qu\u00e9 elegirnos?<\/h2>\n    <p>Lo que nos diferencia es nuestra s\u00f3lida asociaci\u00f3n con m\u00e1s de 50 empresas de transporte, lo que nos convierte en uno de los principales proveedores de transporte tur\u00edstico en la regi\u00f3n. Gracias a estas asociaciones, contamos con el apoyo de una flota diversa y flota diversa y moderna, operada por conductores altamente cualificados, lo que nos permite ofrecer un servicio de primera clase. Estas asociaciones garantizan que cada traslado sea una experiencia fluida, segura y sin complicaciones.<\/p>\n<\/div>\n\n<div class=\"services\">\n    <h2>Servicios<\/h2>\n    <p>Con m\u00e1s de 5 a\u00f1os de experiencia en el sector y nuestra asociaci\u00f3n con m\u00e1s de 50 empresas de reubicaci\u00f3n y otros proveedores de transporte de confianza, ofrecemos una flota de m\u00e1s de 500 veh\u00edculos, desde traslados privados hasta servicios de transporte exclusivos. Nos adaptamos a las necesidades de nuestros clientes, proporcionando soluciones de transporte personalizadas y fiables.<\/p>\n\t\n    <p>En <strong>Transfers Plus<\/strong>, cada detalle importa. Nuestro compromiso es que cada grupo de viajeros disfrute de una experiencia impecable, sinti\u00e9ndose siempre seguros y valorados. Nos esforzamos por superar tus expectativas, garantizando un servicio puntual, profesional y dedicado a tu completa satisfacci\u00f3n.<\/p>\n<\/div>\n\n<div class=\"contact\">\n    <h2>Cont\u00e1ctanos<\/h2>\n    <p>Para m\u00e1s informaci\u00f3n o reservas, escr\u00edbenos a: <a href=\"mailto:reservation@transfers-plus.com\">sales@transfers-plus.com<\/a><\/p>\n<\/div>\n\n<style>\n\n    h1, h2 {\n        color: #2fac66;\n        margin-bottom: 15px;\n    }\n\n    .intro, .differentiator, .services, .contact {\n        background: #fff;\n        margin: 20px auto;\n        padding: 20px;\n        border-radius: 8px;\n        box-shadow: 0 2px 5px rgba(0, 0, 0, 0.1);\n        max-width: 800px;\n    }\n\n    p {\n        margin-bottom: 15px;\n    }\n\n    strong {\n        color: #2fac66;\n    }\n\n    a {\n        color: #2fac66;\n        text-decoration: none;\n        font-weight: bold;\n    }\n\n    a:hover {\n        text-decoration: underline;\n    }\n<\/style>\n<\/div><\/div><\/div><\/div><\/div>","protected":false},"excerpt":{"rendered":"<p>Somos Transfers. Somos Transfers Plus. En Transfers Plus, ofrecemos traslados privados premium desde y hacia los aeropuertos de Canc\u00fan y Tulum, asegurando que llegues a tu destino con comodidad y puntualidad. Nos especializamos en traslados hacia hoteles, departamentos, Airbnb y residencias privadas, no solo en Canc\u00fan, sino tambi\u00e9n en toda la Riviera Maya, incluyendo Isla<span class=\"post-excerpt-end\">&hellip;<\/span><\/p>\n<p class=\"more-link\"><a href=\"https:\/\/transfers-plus.com\/es\/nosotros\/\" class=\"themebutton\">Leer m\u00e1s<\/a><\/p>\n","protected":false},"author":1,"featured_media":0,"parent":0,"menu_order":0,"comment_status":"closed","ping_status":"closed","template":"","meta":{"footnotes":""},"class_list":["post-913","page","type-page","status-publish","hentry"],"yoast_head":"<!-- This site is optimized with the Yoast SEO plugin v27.4 - https:\/\/yoast.com\/product\/yoast-seo-wordpress\/ -->\n<title>Nosotros - Transfer Plus<\/title>\n<meta name=\"robots\" content=\"noindex, follow\" \/>\n<meta property=\"og:locale\" content=\"es_ES\" \/>\n<meta property=\"og:type\" content=\"article\" \/>\n<meta property=\"og:title\" content=\"Nosotros - Transfer Plus\" \/>\n<meta property=\"og:description\" content=\"Somos Transfers. Somos Transfers Plus. En Transfers Plus, ofrecemos traslados privados premium desde y hacia los aeropuertos de Canc\u00fan y Tulum, asegurando que llegues a tu destino con comodidad y puntualidad. Nos especializamos en traslados hacia hoteles, departamentos, Airbnb y residencias privadas, no solo en Canc\u00fan, sino tambi\u00e9n en toda la Riviera Maya, incluyendo Isla&hellip;Leer m\u00e1s\" \/>\n<meta property=\"og:url\" content=\"https:\/\/transfers-plus.com\/es\/nosotros\/\" \/>\n<meta property=\"og:site_name\" content=\"Transfer Plus\" \/>\n<meta property=\"article:modified_time\" content=\"2026-04-20T13:09:13+00:00\" \/>\n<meta name=\"twitter:card\" content=\"summary_large_image\" \/>\n<meta name=\"twitter:label1\" content=\"Tiempo de lectura\" \/>\n\t<meta name=\"twitter:data1\" content=\"2 minutos\" \/>\n<script type=\"application\/ld+json\" class=\"yoast-schema-graph\">{\"@context\":\"https:\\\/\\\/schema.org\",\"@graph\":[{\"@type\":\"WebPage\",\"@id\":\"https:\\\/\\\/transfers-plus.com\\\/es\\\/nosotros\\\/\",\"url\":\"https:\\\/\\\/transfers-plus.com\\\/es\\\/nosotros\\\/\",\"name\":\"Nosotros - Transfer Plus\",\"isPartOf\":{\"@id\":\"https:\\\/\\\/transfers-plus.com\\\/es\\\/#website\"},\"datePublished\":\"2022-06-24T18:45:11+00:00\",\"dateModified\":\"2026-04-20T13:09:13+00:00\",\"inLanguage\":\"es\",\"potentialAction\":[{\"@type\":\"ReadAction\",\"target\":[\"https:\\\/\\\/transfers-plus.com\\\/es\\\/nosotros\\\/\"]}]},{\"@type\":\"WebSite\",\"@id\":\"https:\\\/\\\/transfers-plus.com\\\/es\\\/#website\",\"url\":\"https:\\\/\\\/transfers-plus.com\\\/es\\\/\",\"name\":\"Transfer Plus\",\"description\":\"\",\"publisher\":{\"@id\":\"https:\\\/\\\/transfers-plus.com\\\/es\\\/#organization\"},\"potentialAction\":[{\"@type\":\"SearchAction\",\"target\":{\"@type\":\"EntryPoint\",\"urlTemplate\":\"https:\\\/\\\/transfers-plus.com\\\/es\\\/?s={search_term_string}\"},\"query-input\":{\"@type\":\"PropertyValueSpecification\",\"valueRequired\":true,\"valueName\":\"search_term_string\"}}],\"inLanguage\":\"es\"},{\"@type\":\"Organization\",\"@id\":\"https:\\\/\\\/transfers-plus.com\\\/es\\\/#organization\",\"name\":\"Transfer Plus\",\"url\":\"https:\\\/\\\/transfers-plus.com\\\/es\\\/\",\"logo\":{\"@type\":\"ImageObject\",\"inLanguage\":\"es\",\"@id\":\"https:\\\/\\\/transfers-plus.com\\\/es\\\/#\\\/schema\\\/logo\\\/image\\\/\",\"url\":\"https:\\\/\\\/i0.wp.com\\\/transfers-plus.com\\\/es\\\/wp-content\\\/uploads\\\/2021\\\/11\\\/cropped-Transfers-plus-traslados-privados-cancun-aeropuerto-1.png?fit=262%2C51&ssl=1\",\"contentUrl\":\"https:\\\/\\\/i0.wp.com\\\/transfers-plus.com\\\/es\\\/wp-content\\\/uploads\\\/2021\\\/11\\\/cropped-Transfers-plus-traslados-privados-cancun-aeropuerto-1.png?fit=262%2C51&ssl=1\",\"width\":262,\"height\":51,\"caption\":\"Transfer Plus\"},\"image\":{\"@id\":\"https:\\\/\\\/transfers-plus.com\\\/es\\\/#\\\/schema\\\/logo\\\/image\\\/\"}}]}<\/script>\n<!-- \/ Yoast SEO plugin. -->","yoast_head_json":{"title":"Nosotros - Transfer Plus","robots":{"index":"noindex","follow":"follow"},"og_locale":"es_ES","og_type":"article","og_title":"Nosotros - Transfer Plus","og_description":"Somos Transfers. Somos Transfers Plus. En Transfers Plus, ofrecemos traslados privados premium desde y hacia los aeropuertos de Canc\u00fan y Tulum, asegurando que llegues a tu destino con comodidad y puntualidad. Nos especializamos en traslados hacia hoteles, departamentos, Airbnb y residencias privadas, no solo en Canc\u00fan, sino tambi\u00e9n en toda la Riviera Maya, incluyendo Isla&hellip;Leer m\u00e1s","og_url":"https:\/\/transfers-plus.com\/es\/nosotros\/","og_site_name":"Transfer Plus","article_modified_time":"2026-04-20T13:09:13+00:00","twitter_card":"summary_large_image","twitter_misc":{"Tiempo de lectura":"2 minutos"},"schema":{"@context":"https:\/\/schema.org","@graph":[{"@type":"WebPage","@id":"https:\/\/transfers-plus.com\/es\/nosotros\/","url":"https:\/\/transfers-plus.com\/es\/nosotros\/","name":"Nosotros - Transfer Plus","isPartOf":{"@id":"https:\/\/transfers-plus.com\/es\/#website"},"datePublished":"2022-06-24T18:45:11+00:00","dateModified":"2026-04-20T13:09:13+00:00","inLanguage":"es","potentialAction":[{"@type":"ReadAction","target":["https:\/\/transfers-plus.com\/es\/nosotros\/"]}]},{"@type":"WebSite","@id":"https:\/\/transfers-plus.com\/es\/#website","url":"https:\/\/transfers-plus.com\/es\/","name":"Transfer Plus","description":"","publisher":{"@id":"https:\/\/transfers-plus.com\/es\/#organization"},"potentialAction":[{"@type":"SearchAction","target":{"@type":"EntryPoint","urlTemplate":"https:\/\/transfers-plus.com\/es\/?s={search_term_string}"},"query-input":{"@type":"PropertyValueSpecification","valueRequired":true,"valueName":"search_term_string"}}],"inLanguage":"es"},{"@type":"Organization","@id":"https:\/\/transfers-plus.com\/es\/#organization","name":"Transfer Plus","url":"https:\/\/transfers-plus.com\/es\/","logo":{"@type":"ImageObject","inLanguage":"es","@id":"https:\/\/transfers-plus.com\/es\/#\/schema\/logo\/image\/","url":"https:\/\/i0.wp.com\/transfers-plus.com\/es\/wp-content\/uploads\/2021\/11\/cropped-Transfers-plus-traslados-privados-cancun-aeropuerto-1.png?fit=262%2C51&ssl=1","contentUrl":"https:\/\/i0.wp.com\/transfers-plus.com\/es\/wp-content\/uploads\/2021\/11\/cropped-Transfers-plus-traslados-privados-cancun-aeropuerto-1.png?fit=262%2C51&ssl=1","width":262,"height":51,"caption":"Transfer Plus"},"image":{"@id":"https:\/\/transfers-plus.com\/es\/#\/schema\/logo\/image\/"}}]}},"jetpack_sharing_enabled":true,"_links":{"self":[{"href":"https:\/\/transfers-plus.com\/es\/wp-json\/wp\/v2\/pages\/913","targetHints":{"allow":["GET"]}}],"collection":[{"href":"https:\/\/transfers-plus.com\/es\/wp-json\/wp\/v2\/pages"}],"about":[{"href":"https:\/\/transfers-plus.com\/es\/wp-json\/wp\/v2\/types\/page"}],"author":[{"embeddable":true,"href":"https:\/\/transfers-plus.com\/es\/wp-json\/wp\/v2\/users\/1"}],"replies":[{"embeddable":true,"href":"https:\/\/transfers-plus.com\/es\/wp-json\/wp\/v2\/comments?post=913"}],"version-history":[{"count":9,"href":"https:\/\/transfers-plus.com\/es\/wp-json\/wp\/v2\/pages\/913\/revisions"}],"predecessor-version":[{"id":4786,"href":"https:\/\/transfers-plus.com\/es\/wp-json\/wp\/v2\/pages\/913\/revisions\/4786"}],"wp:attachment":[{"href":"https:\/\/transfers-plus.com\/es\/wp-json\/wp\/v2\/media?parent=913"}],"curies":[{"name":"wp","href":"https:\/\/api.w.org\/{rel}","templated":true}]}}