{"id":3509,"date":"2024-11-02T20:45:44","date_gmt":"2024-11-02T20:45:44","guid":{"rendered":"https:\/\/transfers-plus.com\/fr\/?page_id=3509"},"modified":"2025-08-29T00:48:14","modified_gmt":"2025-08-29T00:48:14","slug":"politique-de-confidentialite","status":"publish","type":"page","link":"https:\/\/transfers-plus.com\/fr\/politique-de-confidentialite\/","title":{"rendered":"Politique de confidentialit\u00e9"},"content":{"rendered":"<p>Cette politique de confidentialit\u00e9 a \u00e9t\u00e9 r\u00e9dig\u00e9e pour mieux servir ceux qui se pr\u00e9occupent de la mani\u00e8re dont leurs \u00ab Informations personnelles identifiables \u00bb (IPI) sont utilis\u00e9es en ligne. Les IPI, telles qu\u2019utilis\u00e9es dans la l\u00e9gislation am\u00e9ricaine sur la confidentialit\u00e9 et la s\u00e9curit\u00e9 de l\u2019information, d\u00e9signent les informations pouvant \u00eatre utilis\u00e9es seules ou avec d\u2019autres donn\u00e9es pour identifier, contacter ou localiser une personne, ou pour identifier un individu dans son contexte. Veuillez lire attentivement notre politique de confidentialit\u00e9 afin de bien comprendre comment nous recueillons, utilisons, prot\u00e9geons ou g\u00e9rons vos Informations personnelles identifiables conform\u00e9ment \u00e0 notre site web.<\/p>\n<h2><strong>Quelles informations personnelles recueillons-nous aupr\u00e8s des personnes qui visitent notre site web ou application ?<\/strong><\/h2>\n<p>Lors d\u2019une commande ou d\u2019une inscription sur notre site, selon le cas, il peut vous \u00eatre demand\u00e9 de saisir votre nom, adresse e-mail, adresse postale, num\u00e9ro de t\u00e9l\u00e9phone ou d\u2019autres d\u00e9tails pour vous aider dans votre exp\u00e9rience.<\/p>\n<h2><strong>Quand recueillons-nous des informations ?<\/strong><\/h2>\n<p>Nous recueillons vos informations lorsque vous passez une commande, vous abonnez \u00e0 une newsletter, remplissez un formulaire ou saisissez des informations sur notre site.<\/p>\n<h2><strong>Comment utilisons-nous vos informations ?<\/strong><\/h2>\n<p>Nous pouvons utiliser les informations que nous recueillons lorsque vous vous inscrivez, effectuez un achat, vous inscrivez \u00e0 notre newsletter, r\u00e9pondez \u00e0 un sondage ou \u00e0 une communication marketing, naviguez sur le site web ou utilisez certaines fonctionnalit\u00e9s du site, de la mani\u00e8re suivante :<\/p>\n<ul>\n<li>Pour traiter vos transactions rapidement.<\/li>\n<li>Pour envoyer p\u00e9riodiquement des e-mails concernant votre commande ou d\u2019autres produits et services.<\/li>\n<\/ul>\n<h2><strong>Comment prot\u00e9geons-nous les informations des visiteurs ?<\/strong><\/h2>\n<p>Notre site web est r\u00e9guli\u00e8rement analys\u00e9 pour d\u00e9tecter les failles de s\u00e9curit\u00e9 et les vuln\u00e9rabilit\u00e9s connues afin de rendre votre visite aussi s\u00fbre que possible.<\/p>\n<p>Nous utilisons une analyse r\u00e9guli\u00e8re des logiciels malveillants.<\/p>\n<p>Nous utilisons un certificat SSL.<\/p>\n<h2><strong>Utilisons-nous des \u00ab cookies \u00bb ?<\/strong><\/h2>\n<p>Nous utilisons des cookies \u00e0 des fins de suivi.<\/p>\n<p>Vous pouvez choisir que votre ordinateur vous avertisse chaque fois qu\u2019un cookie est envoy\u00e9, ou vous pouvez choisir de d\u00e9sactiver tous les cookies. Cela se fait via les param\u00e8tres de votre navigateur (par exemple Internet Explorer). Chaque navigateur est un peu diff\u00e9rent, consultez donc le menu Aide de votre navigateur pour savoir comment modifier vos cookies.<\/p>\n<p>Si vous d\u00e9sactivez les cookies, certaines fonctionnalit\u00e9s qui rendent votre exp\u00e9rience sur le site plus efficace peuvent ne pas fonctionner correctement.<\/p>\n<p>Cependant, vous pouvez toujours passer des commandes.<\/p>\n<h2><strong>Divulgation \u00e0 des tiers<\/strong><\/h2>\n<p>Nous ne vendons, n\u2019\u00e9changeons ni ne transf\u00e9rons vos informations personnelles identifiables \u00e0 des tiers, sauf si nous vous en informons au pr\u00e9alable. Cela n\u2019inclut pas les partenaires d\u2019h\u00e9bergement de sites web et autres parties qui nous aident \u00e0 exploiter notre site web, \u00e0 g\u00e9rer nos affaires ou \u00e0 vous servir, tant que ces parties acceptent de garder ces informations confidentielles. Nous pouvons \u00e9galement divulguer vos informations lorsque nous pensons que cette divulgation est appropri\u00e9e pour se conformer \u00e0 la loi, appliquer les politiques de notre site ou prot\u00e9ger les droits, la propri\u00e9t\u00e9 ou la s\u00e9curit\u00e9 d\u2019autrui.<\/p>\n<p>Cependant, les informations non identifiables personnellement des visiteurs peuvent \u00eatre fournies \u00e0 d\u2019autres parties \u00e0 des fins de marketing, de publicit\u00e9 ou autres utilisations.<\/p>\n<h2><strong>Liens vers des tiers<\/strong><\/h2>\n<p>\u00c0 l\u2019occasion, \u00e0 notre discr\u00e9tion, nous pouvons inclure ou proposer des produits ou services tiers sur notre site web. Ces sites tiers ont des politiques de confidentialit\u00e9 ind\u00e9pendantes et distinctes. Par cons\u00e9quent, nous n\u2019avons aucune responsabilit\u00e9 concernant le contenu et les activit\u00e9s de ces sites li\u00e9s. N\u00e9anmoins, nous cherchons \u00e0 prot\u00e9ger l\u2019int\u00e9grit\u00e9 de notre site et accueillons volontiers tout retour concernant ces sites.<\/p>\n<h2><strong>Google<\/strong><\/h2>\n<p>Les exigences publicitaires de Google peuvent \u00eatre r\u00e9sum\u00e9es dans les Principes publicitaires de Google. Elles sont mises en place pour offrir une exp\u00e9rience positive aux utilisateurs.<\/p>\n<p>Nous utilisons la publicit\u00e9 Google AdSense sur notre site web.<\/p>\n<p>Google, en tant que fournisseur tiers, utilise des cookies pour diffuser des annonces sur notre site. L\u2019utilisation du cookie DART par Google lui permet de diffuser des annonces aupr\u00e8s de nos utilisateurs en fonction de leurs visites sur notre site et d\u2019autres sites Internet. Les utilisateurs peuvent choisir de ne pas utiliser le cookie DART en consultant la politique de confidentialit\u00e9 du r\u00e9seau publicitaire et de contenu de Google.<\/p>\n<h2><strong>Nous avons mis en \u0153uvre ce qui suit :<\/strong><\/h2>\n<ul>\n<li>Rapports d\u00e9mographiques et d\u2019int\u00e9r\u00eats.<\/li>\n<\/ul>\n<p>Nous, ainsi que des fournisseurs tiers tels que Google, utilisons des cookies internes (comme les cookies Google Analytics) et des cookies tiers (comme le cookie DoubleClick) ou d\u2019autres identificateurs tiers conjointement pour collecter des donn\u00e9es sur les interactions des utilisateurs avec les impressions publicitaires et autres fonctions de service publicitaire li\u00e9es \u00e0 notre site web.<\/p>\n<h2><strong>Option de retrait<\/strong><\/h2>\n<p>Les utilisateurs peuvent d\u00e9finir leurs pr\u00e9f\u00e9rences sur la mani\u00e8re dont Google leur pr\u00e9sente des annonces via la page Param\u00e8tres des annonces de Google. Alternativement, ils peuvent choisir de se retirer en visitant la page de d\u00e9sactivation de la Network Advertising Initiative ou en utilisant de mani\u00e8re permanente le module compl\u00e9mentaire de d\u00e9sactivation de Google Analytics pour le navigateur.<\/p>\n<h2><strong>Loi californienne sur la protection de la vie priv\u00e9e en ligne (CalOPPA)<\/strong><\/h2>\n<p>CalOPPA est la premi\u00e8re loi d\u2019\u00c9tat du pays exigeant que les sites web commerciaux et les services en ligne publient une politique de confidentialit\u00e9. La port\u00e9e de la loi s\u2019\u00e9tend au-del\u00e0 de la Californie et exige qu\u2019une personne ou une entreprise aux \u00c9tats-Unis (et possiblement dans le monde entier) exploitant des sites web qui collectent des informations personnelles identifiables de consommateurs californiens publie une politique de confidentialit\u00e9 visible sur son site web, indiquant exactement les informations recueillies et avec qui elles sont partag\u00e9es, et se conforme \u00e0 cette politique.<\/p>\n<h2><strong>Conform\u00e9ment \u00e0 CalOPPA, nous acceptons ce qui suit :<\/strong><\/h2>\n<ul>\n<li>Les utilisateurs peuvent visiter notre site de mani\u00e8re anonyme.<\/li>\n<li>Une fois que cette politique de confidentialit\u00e9 est cr\u00e9\u00e9e, nous ajouterons un lien vers celle-ci sur notre page d\u2019accueil ou, au minimum, sur la premi\u00e8re page significative apr\u00e8s \u00eatre entr\u00e9 sur notre site web.<\/li>\n<li>Notre lien vers la politique de confidentialit\u00e9 inclut le mot \u00ab Confidentialit\u00e9 \u00bb et peut \u00eatre facilement trouv\u00e9 sur la page sp\u00e9cifi\u00e9e ci-dessus.<\/li>\n<\/ul>\n<h2><strong>Les utilisateurs seront inform\u00e9s de toute modification de la politique de confidentialit\u00e9 :<\/strong><\/h2>\n<ul>\n<li>Sur notre page de politique de confidentialit\u00e9.<\/li>\n<\/ul>\n<h2><strong>Les utilisateurs peuvent modifier leurs informations personnelles :<\/strong><\/h2>\n<ul>\n<li>En nous envoyant un e-mail.<\/li>\n<li>En discutant avec nous ou en nous envoyant un ticket.<\/li>\n<\/ul>\n<h2><strong>Comment notre site g\u00e8re-t-il les signaux \u00ab Ne pas suivre \u00bb ?<\/strong><\/h2>\n<p>Nous respectons les signaux \u00ab Ne pas suivre \u00bb et ne suivons pas, ne pla\u00e7ons pas de cookies ni n\u2019utilisons de publicit\u00e9 lorsqu\u2019un m\u00e9canisme de navigateur \u00ab Ne pas suivre \u00bb (DNT) est activ\u00e9.<\/p>\n<h2><strong>Notre site autorise-t-il le suivi comportemental par des tiers ?<\/strong><\/h2>\n<p>Il est \u00e9galement important de noter que nous n\u2019autorisons pas le suivi comportemental par des tiers.<\/p>\n<h2><strong>Loi sur la protection de la vie priv\u00e9e des enfants en ligne (COPPA)<\/strong><\/h2>\n<p>En ce qui concerne la collecte d\u2019informations personnelles aupr\u00e8s d\u2019enfants de moins de 13 ans, la loi COPPA (Children\u2019s Online Privacy Protection Act) met les parents aux commandes. La Federal Trade Commission, l\u2019agence nationale de protection des consommateurs, applique la r\u00e8gle COPPA, qui pr\u00e9cise ce que les op\u00e9rateurs de sites web et de services en ligne doivent faire pour prot\u00e9ger la vie priv\u00e9e et la s\u00e9curit\u00e9 des enfants en ligne.<\/p>\n<p>Nous ne ciblons pas sp\u00e9cifiquement les enfants de moins de 13 ans.<\/p>\n<h2><strong>Pratiques loyales en mati\u00e8re d\u2019information<\/strong><\/h2>\n<p>Les principes de pratiques loyales en mati\u00e8re d\u2019information constituent la colonne vert\u00e9brale de la loi am\u00e9ricaine sur la vie priv\u00e9e, et les concepts qu\u2019ils incluent ont jou\u00e9 un r\u00f4le important dans le d\u00e9veloppement des lois de protection des donn\u00e9es dans le monde entier. Comprendre ces principes et leur mise en \u0153uvre est essentiel pour se conformer aux diverses lois sur la confidentialit\u00e9 qui prot\u00e8gent les informations personnelles.<\/p>\n<p>Pour \u00eatre en conformit\u00e9 avec les pratiques loyales en mati\u00e8re d\u2019information, nous prendrons les mesures suivantes en cas de violation de donn\u00e9es :<\/p>\n<ul>\n<li>Nous informerons les utilisateurs par e-mail dans un d\u00e9lai de 7 jours ouvrables.<\/li>\n<li>Nous informerons les utilisateurs par le biais d\u2019une notification sur le site dans un d\u00e9lai de 7 jours ouvrables.<\/li>\n<\/ul>\n<p>Nous acceptons \u00e9galement le principe de r\u00e9paration individuelle, qui exige que les individus aient le droit d\u2019exercer des droits l\u00e9galement ex\u00e9cutoires contre les collecteurs et les processeurs de donn\u00e9es qui ne respectent pas la loi. Ce principe exige non seulement que les individus aient des droits ex\u00e9cutoires contre les utilisateurs de donn\u00e9es, mais aussi qu\u2019ils puissent se tourner vers les tribunaux ou une agence gouvernementale pour enqu\u00eater et\/ou poursuivre le non-respect par les processeurs de donn\u00e9es.<\/p>\n<h2><strong>Loi CAN-SPAM<\/strong><\/h2>\n<p>La loi CAN-SPAM est une loi qui \u00e9tablit les r\u00e8gles pour les e-mails commerciaux, fixe des exigences pour les messages commerciaux, donne aux destinataires le droit de faire cesser l\u2019envoi d\u2019e-mails et d\u00e9taille de lourdes sanctions en cas de violation.<\/p>\n<p>Nous recueillons votre adresse e-mail pour :<\/p>\n<ul>\n<li>Envoyer des informations, r\u00e9pondre \u00e0 des demandes et\/ou \u00e0 d\u2019autres questions.<\/li>\n<li>Traiter les commandes et envoyer des informations et mises \u00e0 jour relatives aux commandes.<\/li>\n<li>Nous pouvons \u00e9galement vous envoyer des informations suppl\u00e9mentaires li\u00e9es \u00e0 votre produit et\/ou service.<\/li>\n<li>Commercialiser aupr\u00e8s de notre liste de diffusion ou continuer \u00e0 envoyer des e-mails \u00e0 nos clients apr\u00e8s la transaction initiale.<\/li>\n<\/ul>\n<h2><strong>Pour \u00eatre en conformit\u00e9 avec CAN-SPAM, nous acceptons ce qui suit :<\/strong><\/h2>\n<ul>\n<li>NE PAS utiliser d\u2019objets ou d\u2019adresses e-mail faux ou trompeurs.<\/li>\n<li>Identifier le message comme une publicit\u00e9 d\u2019une mani\u00e8re raisonnable.<\/li>\n<li>Inclure l\u2019adresse physique de notre entreprise ou du si\u00e8ge du site.<\/li>\n<li>Surveiller les services de marketing par e-mail tiers pour assurer la conformit\u00e9, s\u2019il y en a.<\/li>\n<li>Respecter rapidement les demandes de d\u00e9sinscription\/exclusion.<\/li>\n<li>Permettre aux utilisateurs de se d\u00e9sabonner en utilisant le lien au bas de chaque e-mail.<\/li>\n<\/ul>\n<p>Si \u00e0 tout moment vous souhaitez vous d\u00e9sabonner de la r\u00e9ception de futurs e-mails, vous pouvez suivre les instructions au bas de chaque e-mail, et nous vous supprimerons imm\u00e9diatement de TOUTE correspondance.<\/p>\n<h2><strong>Contactez-nous<\/strong><\/h2>\n<p>Si vous avez des questions concernant cette politique de confidentialit\u00e9, vous pouvez nous contacter en utilisant les informations ci-dessous.<\/p>\n<p>Transfers Plus<br \/>\nCanc\u00fan, Mexique<br \/>\n<a rel=\"noopener\">reservation@transfers-plus.com<\/a><\/p>\n","protected":false},"excerpt":{"rendered":"<p>Cette politique de confidentialit\u00e9 a \u00e9t\u00e9 r\u00e9dig\u00e9e pour mieux servir ceux qui se pr\u00e9occupent de la mani\u00e8re dont leurs \u00ab Informations personnelles identifiables \u00bb (IPI) sont utilis\u00e9es en ligne. Les IPI, telles qu\u2019utilis\u00e9es dans la l\u00e9gislation am\u00e9ricaine sur la confidentialit\u00e9 et la s\u00e9curit\u00e9 de l\u2019information, d\u00e9signent les informations pouvant \u00eatre utilis\u00e9es seules ou avec d\u2019autres<span class=\"post-excerpt-end\">&hellip;<\/span><\/p>\n<p class=\"more-link\"><a href=\"https:\/\/transfers-plus.com\/fr\/politique-de-confidentialite\/\" class=\"themebutton\">Read More<\/a><\/p>\n","protected":false},"author":1,"featured_media":0,"parent":0,"menu_order":0,"comment_status":"closed","ping_status":"closed","template":"","meta":{"footnotes":""},"class_list":["post-3509","page","type-page","status-publish","hentry"],"yoast_head":"<!-- This site is optimized with the Yoast SEO plugin v27.4 - https:\/\/yoast.com\/product\/yoast-seo-wordpress\/ -->\n<title>Politique de confidentialit\u00e9 - Transfer Plus<\/title>\n<meta name=\"robots\" content=\"noindex, nofollow\" \/>\n<meta property=\"og:locale\" content=\"fr_FR\" \/>\n<meta property=\"og:type\" content=\"article\" \/>\n<meta property=\"og:title\" content=\"Politique de confidentialit\u00e9 - Transfer Plus\" \/>\n<meta property=\"og:description\" content=\"Cette politique de confidentialit\u00e9 a \u00e9t\u00e9 r\u00e9dig\u00e9e pour mieux servir ceux qui se pr\u00e9occupent de la mani\u00e8re dont leurs \u00ab Informations personnelles identifiables \u00bb (IPI) sont utilis\u00e9es en ligne. Les IPI, telles qu\u2019utilis\u00e9es dans la l\u00e9gislation am\u00e9ricaine sur la confidentialit\u00e9 et la s\u00e9curit\u00e9 de l\u2019information, d\u00e9signent les informations pouvant \u00eatre utilis\u00e9es seules ou avec d\u2019autres&hellip;Read More\" \/>\n<meta property=\"og:url\" content=\"https:\/\/transfers-plus.com\/fr\/politique-de-confidentialite\/\" \/>\n<meta property=\"og:site_name\" content=\"Transfer Plus\" \/>\n<meta property=\"article:modified_time\" content=\"2025-08-29T00:48:14+00:00\" \/>\n<meta name=\"twitter:card\" content=\"summary_large_image\" \/>\n<meta name=\"twitter:label1\" content=\"Dur\u00e9e de lecture estim\u00e9e\" \/>\n\t<meta name=\"twitter:data1\" content=\"9 minutes\" \/>\n<script type=\"application\/ld+json\" class=\"yoast-schema-graph\">{\"@context\":\"https:\\\/\\\/schema.org\",\"@graph\":[{\"@type\":\"WebPage\",\"@id\":\"https:\\\/\\\/transfers-plus.com\\\/fr\\\/politique-de-confidentialite\\\/\",\"url\":\"https:\\\/\\\/transfers-plus.com\\\/fr\\\/politique-de-confidentialite\\\/\",\"name\":\"Politique de confidentialit\u00e9 - Transfer Plus\",\"isPartOf\":{\"@id\":\"https:\\\/\\\/transfers-plus.com\\\/fr\\\/#website\"},\"datePublished\":\"2024-11-02T20:45:44+00:00\",\"dateModified\":\"2025-08-29T00:48:14+00:00\",\"inLanguage\":\"fr-FR\",\"potentialAction\":[{\"@type\":\"ReadAction\",\"target\":[\"https:\\\/\\\/transfers-plus.com\\\/fr\\\/politique-de-confidentialite\\\/\"]}]},{\"@type\":\"WebSite\",\"@id\":\"https:\\\/\\\/transfers-plus.com\\\/fr\\\/#website\",\"url\":\"https:\\\/\\\/transfers-plus.com\\\/fr\\\/\",\"name\":\"Transfer Plus\",\"description\":\"\",\"publisher\":{\"@id\":\"https:\\\/\\\/transfers-plus.com\\\/fr\\\/#organization\"},\"potentialAction\":[{\"@type\":\"SearchAction\",\"target\":{\"@type\":\"EntryPoint\",\"urlTemplate\":\"https:\\\/\\\/transfers-plus.com\\\/fr\\\/?s={search_term_string}\"},\"query-input\":{\"@type\":\"PropertyValueSpecification\",\"valueRequired\":true,\"valueName\":\"search_term_string\"}}],\"inLanguage\":\"fr-FR\"},{\"@type\":\"Organization\",\"@id\":\"https:\\\/\\\/transfers-plus.com\\\/fr\\\/#organization\",\"name\":\"Transfer Plus\",\"url\":\"https:\\\/\\\/transfers-plus.com\\\/fr\\\/\",\"logo\":{\"@type\":\"ImageObject\",\"inLanguage\":\"fr-FR\",\"@id\":\"https:\\\/\\\/transfers-plus.com\\\/fr\\\/#\\\/schema\\\/logo\\\/image\\\/\",\"url\":\"https:\\\/\\\/transfers-plus.com\\\/fr\\\/wp-content\\\/uploads\\\/2021\\\/11\\\/cropped-Transfers-plus-traslados-privados-cancun-aeropuerto-1.png\",\"contentUrl\":\"https:\\\/\\\/transfers-plus.com\\\/fr\\\/wp-content\\\/uploads\\\/2021\\\/11\\\/cropped-Transfers-plus-traslados-privados-cancun-aeropuerto-1.png\",\"width\":262,\"height\":51,\"caption\":\"Transfer Plus\"},\"image\":{\"@id\":\"https:\\\/\\\/transfers-plus.com\\\/fr\\\/#\\\/schema\\\/logo\\\/image\\\/\"}}]}<\/script>\n<!-- \/ Yoast SEO plugin. -->","yoast_head_json":{"title":"Politique de confidentialit\u00e9 - Transfer Plus","robots":{"index":"noindex","follow":"nofollow"},"og_locale":"fr_FR","og_type":"article","og_title":"Politique de confidentialit\u00e9 - Transfer Plus","og_description":"Cette politique de confidentialit\u00e9 a \u00e9t\u00e9 r\u00e9dig\u00e9e pour mieux servir ceux qui se pr\u00e9occupent de la mani\u00e8re dont leurs \u00ab Informations personnelles identifiables \u00bb (IPI) sont utilis\u00e9es en ligne. Les IPI, telles qu\u2019utilis\u00e9es dans la l\u00e9gislation am\u00e9ricaine sur la confidentialit\u00e9 et la s\u00e9curit\u00e9 de l\u2019information, d\u00e9signent les informations pouvant \u00eatre utilis\u00e9es seules ou avec d\u2019autres&hellip;Read More","og_url":"https:\/\/transfers-plus.com\/fr\/politique-de-confidentialite\/","og_site_name":"Transfer Plus","article_modified_time":"2025-08-29T00:48:14+00:00","twitter_card":"summary_large_image","twitter_misc":{"Dur\u00e9e de lecture estim\u00e9e":"9 minutes"},"schema":{"@context":"https:\/\/schema.org","@graph":[{"@type":"WebPage","@id":"https:\/\/transfers-plus.com\/fr\/politique-de-confidentialite\/","url":"https:\/\/transfers-plus.com\/fr\/politique-de-confidentialite\/","name":"Politique de confidentialit\u00e9 - Transfer Plus","isPartOf":{"@id":"https:\/\/transfers-plus.com\/fr\/#website"},"datePublished":"2024-11-02T20:45:44+00:00","dateModified":"2025-08-29T00:48:14+00:00","inLanguage":"fr-FR","potentialAction":[{"@type":"ReadAction","target":["https:\/\/transfers-plus.com\/fr\/politique-de-confidentialite\/"]}]},{"@type":"WebSite","@id":"https:\/\/transfers-plus.com\/fr\/#website","url":"https:\/\/transfers-plus.com\/fr\/","name":"Transfer Plus","description":"","publisher":{"@id":"https:\/\/transfers-plus.com\/fr\/#organization"},"potentialAction":[{"@type":"SearchAction","target":{"@type":"EntryPoint","urlTemplate":"https:\/\/transfers-plus.com\/fr\/?s={search_term_string}"},"query-input":{"@type":"PropertyValueSpecification","valueRequired":true,"valueName":"search_term_string"}}],"inLanguage":"fr-FR"},{"@type":"Organization","@id":"https:\/\/transfers-plus.com\/fr\/#organization","name":"Transfer Plus","url":"https:\/\/transfers-plus.com\/fr\/","logo":{"@type":"ImageObject","inLanguage":"fr-FR","@id":"https:\/\/transfers-plus.com\/fr\/#\/schema\/logo\/image\/","url":"https:\/\/transfers-plus.com\/fr\/wp-content\/uploads\/2021\/11\/cropped-Transfers-plus-traslados-privados-cancun-aeropuerto-1.png","contentUrl":"https:\/\/transfers-plus.com\/fr\/wp-content\/uploads\/2021\/11\/cropped-Transfers-plus-traslados-privados-cancun-aeropuerto-1.png","width":262,"height":51,"caption":"Transfer Plus"},"image":{"@id":"https:\/\/transfers-plus.com\/fr\/#\/schema\/logo\/image\/"}}]}},"jetpack_sharing_enabled":true,"_links":{"self":[{"href":"https:\/\/transfers-plus.com\/fr\/wp-json\/wp\/v2\/pages\/3509","targetHints":{"allow":["GET"]}}],"collection":[{"href":"https:\/\/transfers-plus.com\/fr\/wp-json\/wp\/v2\/pages"}],"about":[{"href":"https:\/\/transfers-plus.com\/fr\/wp-json\/wp\/v2\/types\/page"}],"author":[{"embeddable":true,"href":"https:\/\/transfers-plus.com\/fr\/wp-json\/wp\/v2\/users\/1"}],"replies":[{"embeddable":true,"href":"https:\/\/transfers-plus.com\/fr\/wp-json\/wp\/v2\/comments?post=3509"}],"version-history":[{"count":3,"href":"https:\/\/transfers-plus.com\/fr\/wp-json\/wp\/v2\/pages\/3509\/revisions"}],"predecessor-version":[{"id":4008,"href":"https:\/\/transfers-plus.com\/fr\/wp-json\/wp\/v2\/pages\/3509\/revisions\/4008"}],"wp:attachment":[{"href":"https:\/\/transfers-plus.com\/fr\/wp-json\/wp\/v2\/media?parent=3509"}],"curies":[{"name":"wp","href":"https:\/\/api.w.org\/{rel}","templated":true}]}}