{"id":913,"date":"2022-06-24T18:45:11","date_gmt":"2022-06-24T18:45:11","guid":{"rendered":"https:\/\/transfers-plus.com\/fr\/?page_id=913"},"modified":"2026-04-20T13:09:26","modified_gmt":"2026-04-20T13:09:26","slug":"nous","status":"publish","type":"page","link":"https:\/\/transfers-plus.com\/fr\/nous\/","title":{"rendered":"Nous"},"content":{"rendered":"<div id=\"pl-913\"  class=\"panel-layout\" ><div id=\"pg-913-0\"  class=\"panel-grid panel-no-style\" ><div id=\"pgc-913-0-0\"  class=\"panel-grid-cell\" ><div id=\"panel-913-0-0-0\" class=\"widget_text so-panel widget widget_custom_html panel-first-child panel-last-child\" data-index=\"0\" ><div class=\"textwidget custom-html-widget\"><div class=\"intro\">\n    <h1>Nous sommes Transfers. Nous sommes Transfers Plus.<\/h1>\n    <p>Chez <strong>Transfers Plus<\/strong>, nous offrons des transferts priv\u00e9s premium depuis et vers les a\u00e9roports de Canc\u00fan et Tulum, en veillant \u00e0 ce que vous arriviez \u00e0 votre destination avec confort et ponctualit\u00e9. Nous sommes sp\u00e9cialis\u00e9s dans les transferts vers les h\u00f4tels, appartements, Airbnb et r\u00e9sidences priv\u00e9es, non seulement \u00e0 Canc\u00fan, mais aussi dans toute la Riviera Maya, y compris Isla Mujeres, Puerto Morelos, Playa del Carmen et Tulum.<\/p>\n    <p>Notre couverture s\u2019\u00e9tend m\u00eame \u00e0 des destinations plus exclusives comme Bacalar, Mahahual, Valladolid et M\u00e9rida, nous permettant de vous accompagner \u00e0 chaque \u00e9tape de votre exp\u00e9rience de vacances, avec un accent sur le confort et la s\u00e9curit\u00e9.<\/p>\n<\/div>\n\n<div class=\"differentiator\">\n    <h2>Pourquoi nous choisir&nbsp;?<\/h2>\n    <p>Ce qui nous distingue, c\u2019est notre solide partenariat avec <strong>Caribe Shuttle<\/strong>, l\u2019un des principaux fournisseurs de transport touristique de la r\u00e9gion. Gr\u00e2ce \u00e0 cette collaboration, nous b\u00e9n\u00e9ficions du soutien d\u2019une flotte diversifi\u00e9e et moderne, op\u00e9r\u00e9e par des chauffeurs hautement qualifi\u00e9s, ce qui nous permet d\u2019offrir un service d\u2019excellence. Cette association garantit que chaque transfert soit une exp\u00e9rience fluide, s\u00fbre et sans contretemps. Avec <strong>Caribe Shuttle<\/strong> comme partenaire, vous pouvez \u00eatre assur\u00e9 que vos besoins en transport sont entre de bonnes mains.<\/p>\n<\/div>\n\n<div class=\"services\">\n    <h2>Services<\/h2>\n    <p>Avec plus de 5 ans d\u2019exp\u00e9rience dans le secteur et notre partenariat avec <strong>Caribe Shuttle<\/strong> et d\u2019autres prestataires de transport de confiance, nous mettons \u00e0 votre disposition une flotte de plus de 500 v\u00e9hicules, allant des transferts priv\u00e9s conventionnels aux services de transport exclusifs. Nous nous adaptons aux demandes de nos clients, en leur offrant des solutions de transport personnalis\u00e9es et fiables.<\/p>\n    <p>Chez <strong>Transfers Plus<\/strong>, chaque d\u00e9tail compte. Notre engagement est que chaque groupe de voyageurs profite d\u2019une exp\u00e9rience irr\u00e9prochable, en se sentant toujours en s\u00e9curit\u00e9 et valoris\u00e9s. Nous nous effor\u00e7ons de d\u00e9passer vos attentes, en garantissant un service ponctuel, professionnel et d\u00e9di\u00e9 \u00e0 votre enti\u00e8re satisfaction.<\/p>\n<\/div>\n\n<div class=\"contact\">\n    <h2>Contactez-nous<\/h2>\n    <p>Pour plus d\u2019informations ou pour r\u00e9server, \u00e9crivez-nous \u00e0&nbsp;: <a href=\"mailto:reservation@transfers-plus.com\">reservation@transfers-plus.com<\/a><\/p>\n<\/div>\n\n<style>\n    h1, h2 {\n        color: #2fac66;\n        margin-bottom: 15px;\n    }\n\n    .intro, .differentiator, .services, .contact {\n        background: #fff;\n        margin: 20px auto;\n        padding: 20px;\n        border-radius: 8px;\n        box-shadow: 0 2px 5px rgba(0, 0, 0, 0.1);\n        max-width: 800px;\n    }\n\n    p {\n        margin-bottom: 15px;\n    }\n\n    strong {\n        color: #2fac66;\n    }\n\n    a {\n        color: #2fac66;\n        text-decoration: none;\n        font-weight: bold;\n    }\n\n    a:hover {\n        text-decoration: underline;\n    }\n<\/style>\n<\/div><\/div><\/div><\/div><\/div>","protected":false},"excerpt":{"rendered":"<p>Nous sommes Transfers. Nous sommes Transfers Plus. Chez Transfers Plus, nous offrons des transferts priv\u00e9s premium depuis et vers les a\u00e9roports de Canc\u00fan et Tulum, en veillant \u00e0 ce que vous arriviez \u00e0 votre destination avec confort et ponctualit\u00e9. Nous sommes sp\u00e9cialis\u00e9s dans les transferts vers les h\u00f4tels, appartements, Airbnb et r\u00e9sidences priv\u00e9es, non seulement<span class=\"post-excerpt-end\">&hellip;<\/span><\/p>\n<p class=\"more-link\"><a href=\"https:\/\/transfers-plus.com\/fr\/nous\/\" class=\"themebutton\">Read More<\/a><\/p>\n","protected":false},"author":1,"featured_media":0,"parent":0,"menu_order":0,"comment_status":"closed","ping_status":"closed","template":"","meta":{"footnotes":""},"class_list":["post-913","page","type-page","status-publish","hentry"],"yoast_head":"<!-- This site is optimized with the Yoast SEO plugin v27.4 - https:\/\/yoast.com\/product\/yoast-seo-wordpress\/ -->\n<title>Nous - Transfer Plus<\/title>\n<meta name=\"robots\" content=\"noindex, follow\" \/>\n<meta property=\"og:locale\" content=\"fr_FR\" \/>\n<meta property=\"og:type\" content=\"article\" \/>\n<meta property=\"og:title\" content=\"Nous - Transfer Plus\" \/>\n<meta property=\"og:description\" content=\"Nous sommes Transfers. Nous sommes Transfers Plus. Chez Transfers Plus, nous offrons des transferts priv\u00e9s premium depuis et vers les a\u00e9roports de Canc\u00fan et Tulum, en veillant \u00e0 ce que vous arriviez \u00e0 votre destination avec confort et ponctualit\u00e9. Nous sommes sp\u00e9cialis\u00e9s dans les transferts vers les h\u00f4tels, appartements, Airbnb et r\u00e9sidences priv\u00e9es, non seulement&hellip;Read More\" \/>\n<meta property=\"og:url\" content=\"https:\/\/transfers-plus.com\/fr\/nous\/\" \/>\n<meta property=\"og:site_name\" content=\"Transfer Plus\" \/>\n<meta property=\"article:modified_time\" content=\"2026-04-20T13:09:26+00:00\" \/>\n<meta name=\"twitter:card\" content=\"summary_large_image\" \/>\n<meta name=\"twitter:label1\" content=\"Dur\u00e9e de lecture estim\u00e9e\" \/>\n\t<meta name=\"twitter:data1\" content=\"3 minutes\" \/>\n<script type=\"application\/ld+json\" class=\"yoast-schema-graph\">{\"@context\":\"https:\\\/\\\/schema.org\",\"@graph\":[{\"@type\":\"WebPage\",\"@id\":\"https:\\\/\\\/transfers-plus.com\\\/fr\\\/nous\\\/\",\"url\":\"https:\\\/\\\/transfers-plus.com\\\/fr\\\/nous\\\/\",\"name\":\"Nous - Transfer Plus\",\"isPartOf\":{\"@id\":\"https:\\\/\\\/transfers-plus.com\\\/fr\\\/#website\"},\"datePublished\":\"2022-06-24T18:45:11+00:00\",\"dateModified\":\"2026-04-20T13:09:26+00:00\",\"inLanguage\":\"fr-FR\",\"potentialAction\":[{\"@type\":\"ReadAction\",\"target\":[\"https:\\\/\\\/transfers-plus.com\\\/fr\\\/nous\\\/\"]}]},{\"@type\":\"WebSite\",\"@id\":\"https:\\\/\\\/transfers-plus.com\\\/fr\\\/#website\",\"url\":\"https:\\\/\\\/transfers-plus.com\\\/fr\\\/\",\"name\":\"Transfer Plus\",\"description\":\"\",\"publisher\":{\"@id\":\"https:\\\/\\\/transfers-plus.com\\\/fr\\\/#organization\"},\"potentialAction\":[{\"@type\":\"SearchAction\",\"target\":{\"@type\":\"EntryPoint\",\"urlTemplate\":\"https:\\\/\\\/transfers-plus.com\\\/fr\\\/?s={search_term_string}\"},\"query-input\":{\"@type\":\"PropertyValueSpecification\",\"valueRequired\":true,\"valueName\":\"search_term_string\"}}],\"inLanguage\":\"fr-FR\"},{\"@type\":\"Organization\",\"@id\":\"https:\\\/\\\/transfers-plus.com\\\/fr\\\/#organization\",\"name\":\"Transfer Plus\",\"url\":\"https:\\\/\\\/transfers-plus.com\\\/fr\\\/\",\"logo\":{\"@type\":\"ImageObject\",\"inLanguage\":\"fr-FR\",\"@id\":\"https:\\\/\\\/transfers-plus.com\\\/fr\\\/#\\\/schema\\\/logo\\\/image\\\/\",\"url\":\"https:\\\/\\\/transfers-plus.com\\\/fr\\\/wp-content\\\/uploads\\\/2021\\\/11\\\/cropped-Transfers-plus-traslados-privados-cancun-aeropuerto-1.png\",\"contentUrl\":\"https:\\\/\\\/transfers-plus.com\\\/fr\\\/wp-content\\\/uploads\\\/2021\\\/11\\\/cropped-Transfers-plus-traslados-privados-cancun-aeropuerto-1.png\",\"width\":262,\"height\":51,\"caption\":\"Transfer Plus\"},\"image\":{\"@id\":\"https:\\\/\\\/transfers-plus.com\\\/fr\\\/#\\\/schema\\\/logo\\\/image\\\/\"}}]}<\/script>\n<!-- \/ Yoast SEO plugin. -->","yoast_head_json":{"title":"Nous - Transfer Plus","robots":{"index":"noindex","follow":"follow"},"og_locale":"fr_FR","og_type":"article","og_title":"Nous - Transfer Plus","og_description":"Nous sommes Transfers. Nous sommes Transfers Plus. Chez Transfers Plus, nous offrons des transferts priv\u00e9s premium depuis et vers les a\u00e9roports de Canc\u00fan et Tulum, en veillant \u00e0 ce que vous arriviez \u00e0 votre destination avec confort et ponctualit\u00e9. Nous sommes sp\u00e9cialis\u00e9s dans les transferts vers les h\u00f4tels, appartements, Airbnb et r\u00e9sidences priv\u00e9es, non seulement&hellip;Read More","og_url":"https:\/\/transfers-plus.com\/fr\/nous\/","og_site_name":"Transfer Plus","article_modified_time":"2026-04-20T13:09:26+00:00","twitter_card":"summary_large_image","twitter_misc":{"Dur\u00e9e de lecture estim\u00e9e":"3 minutes"},"schema":{"@context":"https:\/\/schema.org","@graph":[{"@type":"WebPage","@id":"https:\/\/transfers-plus.com\/fr\/nous\/","url":"https:\/\/transfers-plus.com\/fr\/nous\/","name":"Nous - Transfer Plus","isPartOf":{"@id":"https:\/\/transfers-plus.com\/fr\/#website"},"datePublished":"2022-06-24T18:45:11+00:00","dateModified":"2026-04-20T13:09:26+00:00","inLanguage":"fr-FR","potentialAction":[{"@type":"ReadAction","target":["https:\/\/transfers-plus.com\/fr\/nous\/"]}]},{"@type":"WebSite","@id":"https:\/\/transfers-plus.com\/fr\/#website","url":"https:\/\/transfers-plus.com\/fr\/","name":"Transfer Plus","description":"","publisher":{"@id":"https:\/\/transfers-plus.com\/fr\/#organization"},"potentialAction":[{"@type":"SearchAction","target":{"@type":"EntryPoint","urlTemplate":"https:\/\/transfers-plus.com\/fr\/?s={search_term_string}"},"query-input":{"@type":"PropertyValueSpecification","valueRequired":true,"valueName":"search_term_string"}}],"inLanguage":"fr-FR"},{"@type":"Organization","@id":"https:\/\/transfers-plus.com\/fr\/#organization","name":"Transfer Plus","url":"https:\/\/transfers-plus.com\/fr\/","logo":{"@type":"ImageObject","inLanguage":"fr-FR","@id":"https:\/\/transfers-plus.com\/fr\/#\/schema\/logo\/image\/","url":"https:\/\/transfers-plus.com\/fr\/wp-content\/uploads\/2021\/11\/cropped-Transfers-plus-traslados-privados-cancun-aeropuerto-1.png","contentUrl":"https:\/\/transfers-plus.com\/fr\/wp-content\/uploads\/2021\/11\/cropped-Transfers-plus-traslados-privados-cancun-aeropuerto-1.png","width":262,"height":51,"caption":"Transfer Plus"},"image":{"@id":"https:\/\/transfers-plus.com\/fr\/#\/schema\/logo\/image\/"}}]}},"jetpack_sharing_enabled":true,"_links":{"self":[{"href":"https:\/\/transfers-plus.com\/fr\/wp-json\/wp\/v2\/pages\/913","targetHints":{"allow":["GET"]}}],"collection":[{"href":"https:\/\/transfers-plus.com\/fr\/wp-json\/wp\/v2\/pages"}],"about":[{"href":"https:\/\/transfers-plus.com\/fr\/wp-json\/wp\/v2\/types\/page"}],"author":[{"embeddable":true,"href":"https:\/\/transfers-plus.com\/fr\/wp-json\/wp\/v2\/users\/1"}],"replies":[{"embeddable":true,"href":"https:\/\/transfers-plus.com\/fr\/wp-json\/wp\/v2\/comments?post=913"}],"version-history":[{"count":9,"href":"https:\/\/transfers-plus.com\/fr\/wp-json\/wp\/v2\/pages\/913\/revisions"}],"predecessor-version":[{"id":4259,"href":"https:\/\/transfers-plus.com\/fr\/wp-json\/wp\/v2\/pages\/913\/revisions\/4259"}],"wp:attachment":[{"href":"https:\/\/transfers-plus.com\/fr\/wp-json\/wp\/v2\/media?parent=913"}],"curies":[{"name":"wp","href":"https:\/\/api.w.org\/{rel}","templated":true}]}}